{"id":51,"date":"2015-12-24T16:50:35","date_gmt":"2015-12-24T15:50:35","guid":{"rendered":"http:\/\/phiza.fr\/?page_id=51"},"modified":"2017-10-28T21:59:27","modified_gmt":"2017-10-28T20:59:27","slug":"galerie","status":"publish","type":"page","link":"https:\/\/phiza.fr\/index.php\/galerie\/","title":{"rendered":"Galerie"},"content":{"rendered":"<h2 style=\"text-align: center;\"><span style=\"color: #0000ff;\">S&rsquo;amuser des visages et des expressions<\/span><\/h2>\n<figure id=\"attachment_128\" aria-describedby=\"caption-attachment-128\" style=\"width: 300px\" class=\"wp-caption alignleft\"><img loading=\"lazy\" decoding=\"async\" class=\"size-medium wp-image-128\" src=\"https:\/\/phiza.fr\/wp-content\/uploads\/2015\/12\/PC060012-1-300x218.jpg\" alt=\"\" width=\"300\" height=\"218\" srcset=\"https:\/\/phiza.fr\/wp-content\/uploads\/2015\/12\/PC060012-1-300x218.jpg 300w, https:\/\/phiza.fr\/wp-content\/uploads\/2015\/12\/PC060012-1-768x557.jpg 768w, https:\/\/phiza.fr\/wp-content\/uploads\/2015\/12\/PC060012-1-1024x743.jpg 1024w, https:\/\/phiza.fr\/wp-content\/uploads\/2015\/12\/PC060012-1-945x685.jpg 945w, https:\/\/phiza.fr\/wp-content\/uploads\/2015\/12\/PC060012-1-600x435.jpg 600w\" sizes=\"auto, (max-width: 300px) 100vw, 300px\" \/><figcaption id=\"caption-attachment-128\" class=\"wp-caption-text\">Irlandaise (20 x 20 cm)<br \/>acrylique 2015<\/figcaption><\/figure>\n<figure id=\"attachment_141\" aria-describedby=\"caption-attachment-141\" style=\"width: 213px\" class=\"wp-caption alignright\"><img loading=\"lazy\" decoding=\"async\" class=\"size-medium wp-image-141\" src=\"https:\/\/phiza.fr\/wp-content\/uploads\/2015\/12\/DSCF5051-213x300.jpg\" alt=\"\" width=\"213\" height=\"300\" srcset=\"https:\/\/phiza.fr\/wp-content\/uploads\/2015\/12\/DSCF5051-213x300.jpg 213w, https:\/\/phiza.fr\/wp-content\/uploads\/2015\/12\/DSCF5051-768x1083.jpg 768w, https:\/\/phiza.fr\/wp-content\/uploads\/2015\/12\/DSCF5051-726x1024.jpg 726w, https:\/\/phiza.fr\/wp-content\/uploads\/2015\/12\/DSCF5051-945x1333.jpg 945w, https:\/\/phiza.fr\/wp-content\/uploads\/2015\/12\/DSCF5051-600x846.jpg 600w\" sizes=\"auto, (max-width: 213px) 100vw, 213px\" \/><figcaption id=\"caption-attachment-141\" class=\"wp-caption-text\">Regard au ciel (18 x 24 cm)<br \/>acrylique 2015<\/figcaption><\/figure>\n<figure id=\"attachment_546\" aria-describedby=\"caption-attachment-546\" style=\"width: 222px\" class=\"wp-caption alignleft\"><img loading=\"lazy\" decoding=\"async\" class=\"size-medium wp-image-546\" src=\"https:\/\/phiza.fr\/wp-content\/uploads\/2015\/12\/DSCF5485-222x300.jpg\" alt=\"\" width=\"222\" height=\"300\" srcset=\"https:\/\/phiza.fr\/wp-content\/uploads\/2015\/12\/DSCF5485-222x300.jpg 222w, https:\/\/phiza.fr\/wp-content\/uploads\/2015\/12\/DSCF5485-768x1037.jpg 768w, https:\/\/phiza.fr\/wp-content\/uploads\/2015\/12\/DSCF5485-758x1024.jpg 758w\" sizes=\"auto, (max-width: 222px) 100vw, 222px\" \/><figcaption id=\"caption-attachment-546\" class=\"wp-caption-text\">Indienne street art<br \/>(30x 40 cm)<br \/>acrylique 2016<\/figcaption><\/figure>\n<figure id=\"attachment_547\" aria-describedby=\"caption-attachment-547\" style=\"width: 226px\" class=\"wp-caption alignleft\"><img loading=\"lazy\" decoding=\"async\" class=\"size-medium wp-image-547\" src=\"https:\/\/phiza.fr\/wp-content\/uploads\/2015\/12\/DSCF5486-226x300.jpg\" alt=\"\" width=\"226\" height=\"300\" srcset=\"https:\/\/phiza.fr\/wp-content\/uploads\/2015\/12\/DSCF5486-226x300.jpg 226w, https:\/\/phiza.fr\/wp-content\/uploads\/2015\/12\/DSCF5486-768x1022.jpg 768w, https:\/\/phiza.fr\/wp-content\/uploads\/2015\/12\/DSCF5486-770x1024.jpg 770w\" sizes=\"auto, (max-width: 226px) 100vw, 226px\" \/><figcaption id=\"caption-attachment-547\" class=\"wp-caption-text\">Indienne \u00ab\u00a0n\/b\u00a0\u00bb \u00e0 la boucle<br \/>(30x 40 cm)<br \/>acrylique 2016<\/figcaption><\/figure>\n<p>&nbsp;<\/p>\n<p>&nbsp;<\/p>\n<p>&nbsp;<\/p>\n<p>&nbsp;<\/p>\n<figure id=\"attachment_138\" aria-describedby=\"caption-attachment-138\" style=\"width: 221px\" class=\"wp-caption alignright\"><img loading=\"lazy\" decoding=\"async\" class=\"size-medium wp-image-138\" src=\"https:\/\/phiza.fr\/wp-content\/uploads\/2015\/12\/PC060027-221x300.jpg\" alt=\"\" width=\"221\" height=\"300\" srcset=\"https:\/\/phiza.fr\/wp-content\/uploads\/2015\/12\/PC060027-221x300.jpg 221w, https:\/\/phiza.fr\/wp-content\/uploads\/2015\/12\/PC060027-768x1043.jpg 768w, https:\/\/phiza.fr\/wp-content\/uploads\/2015\/12\/PC060027-754x1024.jpg 754w, https:\/\/phiza.fr\/wp-content\/uploads\/2015\/12\/PC060027-945x1283.jpg 945w, https:\/\/phiza.fr\/wp-content\/uploads\/2015\/12\/PC060027-600x815.jpg 600w\" sizes=\"auto, (max-width: 221px) 100vw, 221px\" \/><figcaption id=\"caption-attachment-138\" class=\"wp-caption-text\">Profil street art (18 x 24 cm)<br \/>acrylique 2015<\/figcaption><\/figure>\n<p>&nbsp;<\/p>\n<p>&nbsp;<\/p>\n<p>&nbsp;<\/p>\n<p>&nbsp;<\/p>\n<p>&nbsp;<\/p>\n<figure id=\"attachment_70\" aria-describedby=\"caption-attachment-70\" style=\"width: 300px\" class=\"wp-caption alignright\"><img loading=\"lazy\" decoding=\"async\" class=\"size-medium wp-image-70\" src=\"https:\/\/phiza.fr\/wp-content\/uploads\/2015\/12\/PC250250-300x226.jpg\" alt=\"\" width=\"300\" height=\"226\" srcset=\"https:\/\/phiza.fr\/wp-content\/uploads\/2015\/12\/PC250250-300x226.jpg 300w, https:\/\/phiza.fr\/wp-content\/uploads\/2015\/12\/PC250250-768x579.jpg 768w, https:\/\/phiza.fr\/wp-content\/uploads\/2015\/12\/PC250250-1024x772.jpg 1024w, https:\/\/phiza.fr\/wp-content\/uploads\/2015\/12\/PC250250-945x713.jpg 945w, https:\/\/phiza.fr\/wp-content\/uploads\/2015\/12\/PC250250-600x452.jpg 600w\" sizes=\"auto, (max-width: 300px) 100vw, 300px\" \/><figcaption id=\"caption-attachment-70\" class=\"wp-caption-text\">Regard street art (18 x 24 cm)<br \/>acrylique2015<\/figcaption><\/figure>\n<h2 style=\"text-align: center;\"><\/h2>\n<h2 style=\"text-align: center;\"><\/h2>\n<figure id=\"attachment_151\" aria-describedby=\"caption-attachment-151\" style=\"width: 240px\" class=\"wp-caption alignright\"><img loading=\"lazy\" decoding=\"async\" class=\"size-medium wp-image-151\" src=\"https:\/\/phiza.fr\/wp-content\/uploads\/2015\/12\/DSCF5029-240x300.jpg\" alt=\"\" width=\"240\" height=\"300\" srcset=\"https:\/\/phiza.fr\/wp-content\/uploads\/2015\/12\/DSCF5029-240x300.jpg 240w, https:\/\/phiza.fr\/wp-content\/uploads\/2015\/12\/DSCF5029-768x959.jpg 768w, https:\/\/phiza.fr\/wp-content\/uploads\/2015\/12\/DSCF5029-820x1024.jpg 820w, https:\/\/phiza.fr\/wp-content\/uploads\/2015\/12\/DSCF5029-945x1180.jpg 945w, https:\/\/phiza.fr\/wp-content\/uploads\/2015\/12\/DSCF5029-600x749.jpg 600w\" sizes=\"auto, (max-width: 240px) 100vw, 240px\" \/><figcaption id=\"caption-attachment-151\" class=\"wp-caption-text\">Guerrier de face (38 x 46 cm)<br \/>acrylique 2013<\/figcaption><\/figure>\n<figure id=\"attachment_201\" aria-describedby=\"caption-attachment-201\" style=\"width: 227px\" class=\"wp-caption alignright\"><img loading=\"lazy\" decoding=\"async\" class=\"size-medium wp-image-201\" src=\"https:\/\/phiza.fr\/wp-content\/uploads\/2016\/01\/DSCF5082-227x300.jpg\" alt=\"\" width=\"227\" height=\"300\" srcset=\"https:\/\/phiza.fr\/wp-content\/uploads\/2016\/01\/DSCF5082-227x300.jpg 227w, https:\/\/phiza.fr\/wp-content\/uploads\/2016\/01\/DSCF5082-768x1014.jpg 768w, https:\/\/phiza.fr\/wp-content\/uploads\/2016\/01\/DSCF5082-775x1024.jpg 775w, https:\/\/phiza.fr\/wp-content\/uploads\/2016\/01\/DSCF5082-945x1248.jpg 945w, https:\/\/phiza.fr\/wp-content\/uploads\/2016\/01\/DSCF5082-600x792.jpg 600w\" sizes=\"auto, (max-width: 227px) 100vw, 227px\" \/><figcaption id=\"caption-attachment-201\" class=\"wp-caption-text\">Femme songeuse (30 x 40 cm)<br \/>aquarelle 2014<\/figcaption><\/figure>\n<p>&nbsp;<\/p>\n<p>&nbsp;<\/p>\n<h2 style=\"text-align: center;\"><span style=\"color: #0000ff;\">Apr\u00e8s avoir donn\u00e9 de l&rsquo;humain \u00e0 l&rsquo;humain<\/span><\/h2>\n<figure id=\"attachment_493\" aria-describedby=\"caption-attachment-493\" style=\"width: 227px\" class=\"wp-caption alignright\"><img loading=\"lazy\" decoding=\"async\" class=\" wp-image-493\" src=\"https:\/\/phiza.fr\/wp-content\/uploads\/2016\/05\/DSCF5480-248x300.jpg\" alt=\"\" width=\"227\" height=\"275\" srcset=\"https:\/\/phiza.fr\/wp-content\/uploads\/2016\/05\/DSCF5480-248x300.jpg 248w, https:\/\/phiza.fr\/wp-content\/uploads\/2016\/05\/DSCF5480-768x928.jpg 768w, https:\/\/phiza.fr\/wp-content\/uploads\/2016\/05\/DSCF5480-847x1024.jpg 847w\" sizes=\"auto, (max-width: 227px) 100vw, 227px\" \/><figcaption id=\"caption-attachment-493\" class=\"wp-caption-text\">Biker \u00e0 la casquette<br \/>(38 x 45 cm)<br \/>acrylique 2016<\/figcaption><\/figure>\n<figure id=\"attachment_311\" aria-describedby=\"caption-attachment-311\" style=\"width: 218px\" class=\"wp-caption alignright\"><img loading=\"lazy\" decoding=\"async\" class=\"size-medium wp-image-311\" src=\"https:\/\/phiza.fr\/wp-content\/uploads\/2015\/12\/PC060002-218x300.jpg\" alt=\"\" width=\"218\" height=\"300\" srcset=\"https:\/\/phiza.fr\/wp-content\/uploads\/2015\/12\/PC060002-218x300.jpg 218w, https:\/\/phiza.fr\/wp-content\/uploads\/2015\/12\/PC060002-768x1058.jpg 768w, https:\/\/phiza.fr\/wp-content\/uploads\/2015\/12\/PC060002-743x1024.jpg 743w, https:\/\/phiza.fr\/wp-content\/uploads\/2015\/12\/PC060002-1200x1653.jpg 1200w\" sizes=\"auto, (max-width: 218px) 100vw, 218px\" \/><figcaption id=\"caption-attachment-311\" class=\"wp-caption-text\">Saddhu au chignon (60 x 80 cm)<br \/>acrylique 2013<\/figcaption><\/figure>\n<figure id=\"attachment_159\" aria-describedby=\"caption-attachment-159\" style=\"width: 219px\" class=\"wp-caption alignright\"><img loading=\"lazy\" decoding=\"async\" class=\"size-medium wp-image-159\" src=\"https:\/\/phiza.fr\/wp-content\/uploads\/2015\/12\/DSCF5026-219x300.jpg\" alt=\"\" width=\"219\" height=\"300\" srcset=\"https:\/\/phiza.fr\/wp-content\/uploads\/2015\/12\/DSCF5026-219x300.jpg 219w, https:\/\/phiza.fr\/wp-content\/uploads\/2015\/12\/DSCF5026-768x1054.jpg 768w, https:\/\/phiza.fr\/wp-content\/uploads\/2015\/12\/DSCF5026-746x1024.jpg 746w, https:\/\/phiza.fr\/wp-content\/uploads\/2015\/12\/DSCF5026-945x1297.jpg 945w, https:\/\/phiza.fr\/wp-content\/uploads\/2015\/12\/DSCF5026-600x824.jpg 600w\" sizes=\"auto, (max-width: 219px) 100vw, 219px\" \/><figcaption id=\"caption-attachment-159\" class=\"wp-caption-text\">Femme \u00e0 l&rsquo;\u00e9charpe orange<br \/>(60 x 80 cm)<br \/>acrylique 2014<\/figcaption><\/figure>\n<figure id=\"attachment_13\" aria-describedby=\"caption-attachment-13\" style=\"width: 207px\" class=\"wp-caption alignleft\"><img loading=\"lazy\" decoding=\"async\" class=\" wp-image-13\" src=\"https:\/\/phiza.fr\/wp-content\/uploads\/2015\/12\/PC060004-225x300.jpg\" alt=\"\" width=\"207\" height=\"276\" srcset=\"https:\/\/phiza.fr\/wp-content\/uploads\/2015\/12\/PC060004-225x300.jpg 225w, https:\/\/phiza.fr\/wp-content\/uploads\/2015\/12\/PC060004-768x1024.jpg 768w, https:\/\/phiza.fr\/wp-content\/uploads\/2015\/12\/PC060004-945x1260.jpg 945w, https:\/\/phiza.fr\/wp-content\/uploads\/2015\/12\/PC060004-600x800.jpg 600w\" sizes=\"auto, (max-width: 207px) 100vw, 207px\" \/><figcaption id=\"caption-attachment-13\" class=\"wp-caption-text\">Fumeuse de tabac (60 x 80 cm)<br \/>acrylique 2012<\/figcaption><\/figure>\n<figure id=\"attachment_444\" aria-describedby=\"caption-attachment-444\" style=\"width: 254px\" class=\"wp-caption alignright\"><img loading=\"lazy\" decoding=\"async\" class=\"size-medium wp-image-444\" src=\"https:\/\/phiza.fr\/wp-content\/uploads\/2016\/01\/DSCF5395-254x300.jpg\" alt=\"\" width=\"254\" height=\"300\" srcset=\"https:\/\/phiza.fr\/wp-content\/uploads\/2016\/01\/DSCF5395-254x300.jpg 254w, https:\/\/phiza.fr\/wp-content\/uploads\/2016\/01\/DSCF5395-768x909.jpg 768w, https:\/\/phiza.fr\/wp-content\/uploads\/2016\/01\/DSCF5395-865x1024.jpg 865w, https:\/\/phiza.fr\/wp-content\/uploads\/2016\/01\/DSCF5395-945x1118.jpg 945w, https:\/\/phiza.fr\/wp-content\/uploads\/2016\/01\/DSCF5395-600x710.jpg 600w\" sizes=\"auto, (max-width: 254px) 100vw, 254px\" \/><figcaption id=\"caption-attachment-444\" class=\"wp-caption-text\">Gypsie ( 50 x 60 cm)<br \/>acrylique 201<\/figcaption><\/figure>\n<p>&nbsp;<\/p>\n<figure id=\"attachment_432\" aria-describedby=\"caption-attachment-432\" style=\"width: 220px\" class=\"wp-caption aligncenter\"><img loading=\"lazy\" decoding=\"async\" class=\"size-medium wp-image-432\" src=\"https:\/\/phiza.fr\/wp-content\/uploads\/2016\/01\/DSCF5304-220x300.jpg\" alt=\"\" width=\"220\" height=\"300\" srcset=\"https:\/\/phiza.fr\/wp-content\/uploads\/2016\/01\/DSCF5304-220x300.jpg 220w, https:\/\/phiza.fr\/wp-content\/uploads\/2016\/01\/DSCF5304-768x1047.jpg 768w, https:\/\/phiza.fr\/wp-content\/uploads\/2016\/01\/DSCF5304-751x1024.jpg 751w, https:\/\/phiza.fr\/wp-content\/uploads\/2016\/01\/DSCF5304-945x1288.jpg 945w, https:\/\/phiza.fr\/wp-content\/uploads\/2016\/01\/DSCF5304-600x818.jpg 600w\" sizes=\"auto, (max-width: 220px) 100vw, 220px\" \/><figcaption id=\"caption-attachment-432\" class=\"wp-caption-text\">Gitan \u00e0 la boucle d&rsquo;oreille<br \/>(30 x 40 cm)<br \/>aquarelle 2012<\/figcaption><\/figure>\n<h2 style=\"text-align: center;\"><span style=\"color: #0000ff;\">Apr\u00e8s avoir donn\u00e9 du corps au corps<\/span><\/h2>\n<figure id=\"attachment_581\" aria-describedby=\"caption-attachment-581\" style=\"width: 225px\" class=\"wp-caption alignright\"><img loading=\"lazy\" decoding=\"async\" class=\"size-medium wp-image-581\" src=\"https:\/\/phiza.fr\/wp-content\/uploads\/2016\/10\/DSCF5509-225x300.jpg\" alt=\"\" width=\"225\" height=\"300\" srcset=\"https:\/\/phiza.fr\/wp-content\/uploads\/2016\/10\/DSCF5509-225x300.jpg 225w, https:\/\/phiza.fr\/wp-content\/uploads\/2016\/10\/DSCF5509-768x1026.jpg 768w, https:\/\/phiza.fr\/wp-content\/uploads\/2016\/10\/DSCF5509-766x1024.jpg 766w\" sizes=\"auto, (max-width: 225px) 100vw, 225px\" \/><figcaption id=\"caption-attachment-581\" class=\"wp-caption-text\">Buste masculin (50&#215;66 cm)<br \/>fusain 2002<\/figcaption><\/figure>\n<figure id=\"attachment_579\" aria-describedby=\"caption-attachment-579\" style=\"width: 246px\" class=\"wp-caption alignright\"><img loading=\"lazy\" decoding=\"async\" class=\"size-medium wp-image-579\" src=\"https:\/\/phiza.fr\/wp-content\/uploads\/2016\/10\/DSCF5505-246x300.jpg\" alt=\"\" width=\"246\" height=\"300\" srcset=\"https:\/\/phiza.fr\/wp-content\/uploads\/2016\/10\/DSCF5505-246x300.jpg 246w, https:\/\/phiza.fr\/wp-content\/uploads\/2016\/10\/DSCF5505-768x935.jpg 768w, https:\/\/phiza.fr\/wp-content\/uploads\/2016\/10\/DSCF5505-841x1024.jpg 841w\" sizes=\"auto, (max-width: 246px) 100vw, 246px\" \/><figcaption id=\"caption-attachment-579\" class=\"wp-caption-text\">Pleurant 2 (38 x 45 cm)<br \/>fusain\/sanguine 2009<\/figcaption><\/figure>\n<p>&nbsp;<\/p>\n<figure id=\"attachment_580\" aria-describedby=\"caption-attachment-580\" style=\"width: 300px\" class=\"wp-caption alignnone\"><img loading=\"lazy\" decoding=\"async\" class=\"size-medium wp-image-580\" src=\"https:\/\/phiza.fr\/wp-content\/uploads\/2016\/10\/DSCF5506-300x231.jpg\" alt=\"\" width=\"300\" height=\"231\" srcset=\"https:\/\/phiza.fr\/wp-content\/uploads\/2016\/10\/DSCF5506-300x231.jpg 300w, https:\/\/phiza.fr\/wp-content\/uploads\/2016\/10\/DSCF5506-768x591.jpg 768w, https:\/\/phiza.fr\/wp-content\/uploads\/2016\/10\/DSCF5506-1024x789.jpg 1024w\" sizes=\"auto, (max-width: 300px) 100vw, 300px\" \/><figcaption id=\"caption-attachment-580\" class=\"wp-caption-text\">\u00c9tude de pieds (50x 66 cm)<br \/>fusain\/sanguine 2002<\/figcaption><\/figure>\n<p>&nbsp;<\/p>\n<figure id=\"attachment_551\" aria-describedby=\"caption-attachment-551\" style=\"width: 248px\" class=\"wp-caption alignright\"><img loading=\"lazy\" decoding=\"async\" class=\"size-medium wp-image-551\" src=\"https:\/\/phiza.fr\/wp-content\/uploads\/2015\/12\/DSCF5482-248x300.jpg\" alt=\"\" width=\"248\" height=\"300\" srcset=\"https:\/\/phiza.fr\/wp-content\/uploads\/2015\/12\/DSCF5482-248x300.jpg 248w, https:\/\/phiza.fr\/wp-content\/uploads\/2015\/12\/DSCF5482-768x928.jpg 768w, https:\/\/phiza.fr\/wp-content\/uploads\/2015\/12\/DSCF5482-847x1024.jpg 847w\" sizes=\"auto, (max-width: 248px) 100vw, 248px\" \/><figcaption id=\"caption-attachment-551\" class=\"wp-caption-text\">Danseuse aux rubans<br \/>(50 x 60 cm)<br \/>acrylique 2016<\/figcaption><\/figure>\n<p>&nbsp;<\/p>\n<figure id=\"attachment_322\" aria-describedby=\"caption-attachment-322\" style=\"width: 269px\" class=\"wp-caption alignright\"><img loading=\"lazy\" decoding=\"async\" class=\" wp-image-322\" src=\"https:\/\/phiza.fr\/wp-content\/uploads\/2015\/12\/DSC_0020-300x300.jpg\" alt=\"\" width=\"269\" height=\"269\" srcset=\"https:\/\/phiza.fr\/wp-content\/uploads\/2015\/12\/DSC_0020-300x300.jpg 300w, https:\/\/phiza.fr\/wp-content\/uploads\/2015\/12\/DSC_0020-150x150.jpg 150w, https:\/\/phiza.fr\/wp-content\/uploads\/2015\/12\/DSC_0020-768x772.jpg 768w, https:\/\/phiza.fr\/wp-content\/uploads\/2015\/12\/DSC_0020-1019x1024.jpg 1019w, https:\/\/phiza.fr\/wp-content\/uploads\/2015\/12\/DSC_0020-1200x1206.jpg 1200w\" sizes=\"auto, (max-width: 269px) 100vw, 269px\" \/><figcaption id=\"caption-attachment-322\" class=\"wp-caption-text\">Yoga (60 x 60 cm)<br \/>acrylique 2013<\/figcaption><\/figure>\n<figure id=\"attachment_586\" aria-describedby=\"caption-attachment-586\" style=\"width: 237px\" class=\"wp-caption alignnone\"><img loading=\"lazy\" decoding=\"async\" class=\"size-medium wp-image-586\" src=\"https:\/\/phiza.fr\/wp-content\/uploads\/2016\/10\/DSCF5514-237x300.jpg\" alt=\"\" width=\"237\" height=\"300\" srcset=\"https:\/\/phiza.fr\/wp-content\/uploads\/2016\/10\/DSCF5514-237x300.jpg 237w, https:\/\/phiza.fr\/wp-content\/uploads\/2016\/10\/DSCF5514-768x971.jpg 768w, https:\/\/phiza.fr\/wp-content\/uploads\/2016\/10\/DSCF5514-810x1024.jpg 810w\" sizes=\"auto, (max-width: 237px) 100vw, 237px\" \/><figcaption id=\"caption-attachment-586\" class=\"wp-caption-text\">Bras et drap\u00e9 (50 x 66 cm)<br \/>sanguine 2002<\/figcaption><\/figure>\n<h2 style=\"text-align: center;\"><span style=\"color: #0000ff;\">croquer, tester, jouer avec les couleurs<\/span><\/h2>\n<figure id=\"attachment_599\" aria-describedby=\"caption-attachment-599\" style=\"width: 214px\" class=\"wp-caption alignleft\"><img loading=\"lazy\" decoding=\"async\" class=\"size-medium wp-image-599\" src=\"https:\/\/phiza.fr\/wp-content\/uploads\/2016\/10\/DSCF5489-214x300.jpg\" alt=\"\" width=\"214\" height=\"300\" srcset=\"https:\/\/phiza.fr\/wp-content\/uploads\/2016\/10\/DSCF5489-214x300.jpg 214w, https:\/\/phiza.fr\/wp-content\/uploads\/2016\/10\/DSCF5489-768x1075.jpg 768w, https:\/\/phiza.fr\/wp-content\/uploads\/2016\/10\/DSCF5489-732x1024.jpg 732w\" sizes=\"auto, (max-width: 214px) 100vw, 214px\" \/><figcaption id=\"caption-attachment-599\" class=\"wp-caption-text\">Envie d&rsquo;arbre (42 x 59cm)<br \/>acrylique 2014<\/figcaption><\/figure>\n<figure id=\"attachment_597\" aria-describedby=\"caption-attachment-597\" style=\"width: 300px\" class=\"wp-caption alignleft\"><img loading=\"lazy\" decoding=\"async\" class=\"size-medium wp-image-597\" src=\"https:\/\/phiza.fr\/wp-content\/uploads\/2016\/10\/DSCF5487-300x213.jpg\" alt=\"\" width=\"300\" height=\"213\" srcset=\"https:\/\/phiza.fr\/wp-content\/uploads\/2016\/10\/DSCF5487-300x213.jpg 300w, https:\/\/phiza.fr\/wp-content\/uploads\/2016\/10\/DSCF5487-768x545.jpg 768w, https:\/\/phiza.fr\/wp-content\/uploads\/2016\/10\/DSCF5487-1024x726.jpg 1024w\" sizes=\"auto, (max-width: 300px) 100vw, 300px\" \/><figcaption id=\"caption-attachment-597\" class=\"wp-caption-text\">Envie de mer (42 x 59 cm)<br \/>acrylique 2014<\/figcaption><\/figure>\n<p>&nbsp;<\/p>\n<figure id=\"attachment_450\" aria-describedby=\"caption-attachment-450\" style=\"width: 240px\" class=\"wp-caption alignright\"><img loading=\"lazy\" decoding=\"async\" class=\"size-medium wp-image-450\" src=\"https:\/\/phiza.fr\/wp-content\/uploads\/2016\/05\/DSCF5399-240x300.jpg\" alt=\"\" width=\"240\" height=\"300\" srcset=\"https:\/\/phiza.fr\/wp-content\/uploads\/2016\/05\/DSCF5399-240x300.jpg 240w, https:\/\/phiza.fr\/wp-content\/uploads\/2016\/05\/DSCF5399-768x961.jpg 768w, https:\/\/phiza.fr\/wp-content\/uploads\/2016\/05\/DSCF5399-818x1024.jpg 818w, https:\/\/phiza.fr\/wp-content\/uploads\/2016\/05\/DSCF5399-945x1183.jpg 945w, https:\/\/phiza.fr\/wp-content\/uploads\/2016\/05\/DSCF5399-600x751.jpg 600w\" sizes=\"auto, (max-width: 240px) 100vw, 240px\" \/><figcaption id=\"caption-attachment-450\" class=\"wp-caption-text\">R\u00eave de bambous<br \/>(80 x 100 cm)<br \/>acrylique 2016<\/figcaption><\/figure>\n<p>&nbsp;<\/p>\n<p>&nbsp;<\/p>\n<p>&nbsp;<\/p>\n<p>&nbsp;<\/p>\n<p>&nbsp;<\/p>\n<p>&nbsp;<\/p>\n<p>&nbsp;<\/p>\n<p>&nbsp;<\/p>\n<p>&nbsp;<\/p>\n<p>&nbsp;<\/p>\n<p>&nbsp;<\/p>\n<figure id=\"attachment_878\" aria-describedby=\"caption-attachment-878\" style=\"width: 212px\" class=\"wp-caption alignright\"><img loading=\"lazy\" decoding=\"async\" class=\"size-medium wp-image-878\" src=\"https:\/\/phiza.fr\/wp-content\/uploads\/2017\/10\/DSCF5671-212x300.jpg\" alt=\"\" width=\"212\" height=\"300\" srcset=\"https:\/\/phiza.fr\/wp-content\/uploads\/2017\/10\/DSCF5671-212x300.jpg 212w, https:\/\/phiza.fr\/wp-content\/uploads\/2017\/10\/DSCF5671-768x1086.jpg 768w, https:\/\/phiza.fr\/wp-content\/uploads\/2017\/10\/DSCF5671-724x1024.jpg 724w\" sizes=\"auto, (max-width: 212px) 100vw, 212px\" \/><figcaption id=\"caption-attachment-878\" class=\"wp-caption-text\">Duo 2017<br \/>technique mixte A5<\/figcaption><\/figure>\n<figure id=\"attachment_867\" aria-describedby=\"caption-attachment-867\" style=\"width: 212px\" class=\"wp-caption alignright\"><img loading=\"lazy\" decoding=\"async\" class=\"size-medium wp-image-867\" src=\"https:\/\/phiza.fr\/wp-content\/uploads\/2017\/10\/DSCF5660-212x300.jpg\" alt=\"\" width=\"212\" height=\"300\" srcset=\"https:\/\/phiza.fr\/wp-content\/uploads\/2017\/10\/DSCF5660-212x300.jpg 212w, https:\/\/phiza.fr\/wp-content\/uploads\/2017\/10\/DSCF5660-768x1085.jpg 768w, https:\/\/phiza.fr\/wp-content\/uploads\/2017\/10\/DSCF5660-725x1024.jpg 725w\" sizes=\"auto, (max-width: 212px) 100vw, 212px\" \/><figcaption id=\"caption-attachment-867\" class=\"wp-caption-text\">Troncs emm\u00eal\u00e9s 2017<br \/>technique mixte A5<\/figcaption><\/figure>\n<figure id=\"attachment_866\" aria-describedby=\"caption-attachment-866\" style=\"width: 211px\" class=\"wp-caption alignright\"><img loading=\"lazy\" decoding=\"async\" class=\"size-medium wp-image-866\" src=\"https:\/\/phiza.fr\/wp-content\/uploads\/2017\/10\/DSCF5659-211x300.jpg\" alt=\"\" width=\"211\" height=\"300\" srcset=\"https:\/\/phiza.fr\/wp-content\/uploads\/2017\/10\/DSCF5659-211x300.jpg 211w, https:\/\/phiza.fr\/wp-content\/uploads\/2017\/10\/DSCF5659-768x1093.jpg 768w, https:\/\/phiza.fr\/wp-content\/uploads\/2017\/10\/DSCF5659-719x1024.jpg 719w\" sizes=\"auto, (max-width: 211px) 100vw, 211px\" \/><figcaption id=\"caption-attachment-866\" class=\"wp-caption-text\">Tortue hibou 2017<br \/>technique mixte 2017<\/figcaption><\/figure>\n<h2><\/h2>\n<h2><\/h2>\n<h2><\/h2>\n<h2><\/h2>\n<h2><\/h2>\n<h2><\/h2>\n<h2><\/h2>\n<h2 class=\"mceTemp\" style=\"text-align: center;\"><span style=\"color: #0000ff;\">Et bien d&rsquo;autres choses \u00e0 d\u00e9couvrir&#8230;<\/span><\/h2>\n","protected":false},"excerpt":{"rendered":"<p>S&rsquo;amuser des visages et des expressions &nbsp; &nbsp; &nbsp; &nbsp; &nbsp; &nbsp; &nbsp; &nbsp; &nbsp; &nbsp; &nbsp; Apr\u00e8s avoir donn\u00e9 de l&rsquo;humain \u00e0&#8230;<\/p>\n","protected":false},"author":2,"featured_media":0,"parent":0,"menu_order":0,"comment_status":"closed","ping_status":"closed","template":"","meta":{"footnotes":""},"class_list":["post-51","page","type-page","status-publish","hentry"],"_links":{"self":[{"href":"https:\/\/phiza.fr\/index.php\/wp-json\/wp\/v2\/pages\/51","targetHints":{"allow":["GET"]}}],"collection":[{"href":"https:\/\/phiza.fr\/index.php\/wp-json\/wp\/v2\/pages"}],"about":[{"href":"https:\/\/phiza.fr\/index.php\/wp-json\/wp\/v2\/types\/page"}],"author":[{"embeddable":true,"href":"https:\/\/phiza.fr\/index.php\/wp-json\/wp\/v2\/users\/2"}],"replies":[{"embeddable":true,"href":"https:\/\/phiza.fr\/index.php\/wp-json\/wp\/v2\/comments?post=51"}],"version-history":[{"count":24,"href":"https:\/\/phiza.fr\/index.php\/wp-json\/wp\/v2\/pages\/51\/revisions"}],"predecessor-version":[{"id":896,"href":"https:\/\/phiza.fr\/index.php\/wp-json\/wp\/v2\/pages\/51\/revisions\/896"}],"wp:attachment":[{"href":"https:\/\/phiza.fr\/index.php\/wp-json\/wp\/v2\/media?parent=51"}],"curies":[{"name":"wp","href":"https:\/\/api.w.org\/{rel}","templated":true}]}}