{"id":43,"date":"2015-12-24T16:36:50","date_gmt":"2015-12-24T15:36:50","guid":{"rendered":"http:\/\/phiza.fr\/?page_id=43"},"modified":"2024-03-30T13:19:38","modified_gmt":"2024-03-30T12:19:38","slug":"a-propos","status":"publish","type":"page","link":"https:\/\/phiza.fr\/index.php\/a-propos\/","title":{"rendered":"A propos"},"content":{"rendered":"<p><span style=\"color: #000000;\"><em>Je me souviens de dessins entass\u00e9s dans mes tiroirs de bureau, au cours de mon enfance et de mon adolescence&#8230; Puis un grand silence pictural ! <\/em><\/span><\/p>\n<p><span style=\"color: #000000;\"><em>\u00a0<\/em><\/span><span style=\"color: #000000;\"><em>La vie professionnelle et la vie familiale ont mis entre parenth\u00e8ses le temps cr\u00e9atif, qui a retrouv\u00e9 sa place avec un temps personnel plus important. Je me d\u00e9cide alors \u00e0 prendre quelques cours afin d&rsquo;acqu\u00e9rir des bases.<\/em><\/span><\/p>\n<p><span style=\"color: #000000;\"><em>Je d\u00e9couvre alors le fusain, la sanguine, le pastel gras, l&rsquo;huile, l&rsquo;aquarelle et l&rsquo;acrylique. L&rsquo;encouragement de mes diff\u00e9rents<\/em> <em>professeurs m&rsquo;a amen\u00e9e \u00e0 prendre confiance en moi et \u00e0 mettre en \u0153uvre avec plus de s\u00e9r\u00e9nit\u00e9 mes projets. <\/em><\/span><\/p>\n<p><span style=\"color: #000000;\"><em>Ce sont<\/em><\/span><span style=\"color: #000000;\"><em> les portraits que je prends le plus de plaisir \u00e0 travailler, tant pour la difficult\u00e9 \u00e0 rendre des expressions, que pour la richesse offerte par la diversit\u00e9 humaine&#8230; mais aussi pour les multiples possibilit\u00e9s techniques et stylistiques de les aborder. Je rel\u00e8ve malgr\u00e9 tout avec autant d&rsquo;enthousiasme quelques d\u00e9fis en participant \u00e0 des expositions \u00e0 th\u00e8me.\u00a0 <\/em><\/span><\/p>\n<p><span style=\"color: #000000;\"><em>Pour progresser, il me faut sans cesse me motiver, observer, chercher, construire, d\u00e9truire pour mieux r\u00e9-inventer et ne surtout pas me contenter de rester dans une zone de confort invalidante.\u00a0<\/em><\/span><\/p>\n\n\n<p><\/p>\n","protected":false},"excerpt":{"rendered":"<p>Je me souviens de dessins entass\u00e9s dans mes tiroirs de bureau, au cours de mon enfance et de mon adolescence&#8230; Puis un grand&#8230;<\/p>\n","protected":false},"author":2,"featured_media":0,"parent":0,"menu_order":0,"comment_status":"closed","ping_status":"closed","template":"","meta":{"footnotes":""},"class_list":["post-43","page","type-page","status-publish","hentry"],"_links":{"self":[{"href":"https:\/\/phiza.fr\/index.php\/wp-json\/wp\/v2\/pages\/43","targetHints":{"allow":["GET"]}}],"collection":[{"href":"https:\/\/phiza.fr\/index.php\/wp-json\/wp\/v2\/pages"}],"about":[{"href":"https:\/\/phiza.fr\/index.php\/wp-json\/wp\/v2\/types\/page"}],"author":[{"embeddable":true,"href":"https:\/\/phiza.fr\/index.php\/wp-json\/wp\/v2\/users\/2"}],"replies":[{"embeddable":true,"href":"https:\/\/phiza.fr\/index.php\/wp-json\/wp\/v2\/comments?post=43"}],"version-history":[{"count":42,"href":"https:\/\/phiza.fr\/index.php\/wp-json\/wp\/v2\/pages\/43\/revisions"}],"predecessor-version":[{"id":1665,"href":"https:\/\/phiza.fr\/index.php\/wp-json\/wp\/v2\/pages\/43\/revisions\/1665"}],"wp:attachment":[{"href":"https:\/\/phiza.fr\/index.php\/wp-json\/wp\/v2\/media?parent=43"}],"curies":[{"name":"wp","href":"https:\/\/api.w.org\/{rel}","templated":true}]}}